{"id":1913,"date":"2024-12-10T14:50:35","date_gmt":"2024-12-10T13:50:35","guid":{"rendered":"https:\/\/villa-huren-durbuy.be\/?page_id=1913"},"modified":"2026-04-03T09:21:41","modified_gmt":"2026-04-03T07:21:41","slug":"prijzen","status":"publish","type":"page","link":"https:\/\/villa-huren-durbuy.be\/de\/prijzen\/","title":{"rendered":"Preise"},"content":{"rendered":"<style>.elementor-1913 .elementor-element.elementor-element-144ef1e{--display:flex;--flex-direction:column;--container-widget-width:100%;--container-widget-height:initial;--container-widget-flex-grow:0;--container-widget-align-self:initial;--flex-wrap-mobile:wrap;--padding-top:200px;--padding-bottom:75px;--padding-left:0px;--padding-right:0px;}.elementor-1913 .elementor-element.elementor-element-144ef1e:not(.elementor-motion-effects-element-type-background), .elementor-1913 .elementor-element.elementor-element-144ef1e > .elementor-motion-effects-container > .elementor-motion-effects-layer{background-color:var( --e-global-color-secondary );}.elementor-1913 .elementor-element.elementor-element-f35b8a1 .elementor-heading-title{color:var( --e-global-color-accent );}.elementor-1913 .elementor-element.elementor-element-0eb107d{--display:flex;--flex-direction:column;--container-widget-width:100%;--container-widget-height:initial;--container-widget-flex-grow:0;--container-widget-align-self:initial;--flex-wrap-mobile:wrap;--margin-top:075px;--margin-bottom:75px;--margin-left:0px;--margin-right:0px;}.elementor-1913 .elementor-element.elementor-element-e67ca0f{--display:grid;--e-con-grid-template-columns:repeat(2, 1fr);--e-con-grid-template-rows:repeat(1, 1fr);--grid-auto-flow:row;}.elementor-1913 .elementor-element.elementor-element-eba0f7c{--display:flex;}.elementor-1913 .elementor-element.elementor-element-5d570ff{text-align:center;}.elementor-1913 .elementor-element.elementor-element-5d570ff .elementor-heading-title{font-family:var( --e-global-typography-accent-font-family ), Sans-serif;font-size:var( --e-global-typography-accent-font-size );font-weight:var( --e-global-typography-accent-font-weight );text-decoration:var( --e-global-typography-accent-text-decoration );line-height:var( --e-global-typography-accent-line-height );color:var( --e-global-color-secondary );}.elementor-1913 .elementor-element.elementor-element-e0f87ef{--display:flex;--flex-direction:row;--container-widget-width:initial;--container-widget-height:100%;--container-widget-flex-grow:1;--container-widget-align-self:stretch;--flex-wrap-mobile:wrap;--gap:0px 0px;--row-gap:0px;--column-gap:0px;--padding-top:75px;--padding-bottom:075px;--padding-left:0px;--padding-right:0px;}.elementor-1913 .elementor-element.elementor-element-e0f87ef:not(.elementor-motion-effects-element-type-background), .elementor-1913 .elementor-element.elementor-element-e0f87ef > .elementor-motion-effects-container > .elementor-motion-effects-layer{background-color:var( --e-global-color-secondary );}.elementor-1913 .elementor-element.elementor-element-308380d{--display:flex;--flex-direction:column;--container-widget-width:100%;--container-widget-height:initial;--container-widget-flex-grow:0;--container-widget-align-self:initial;--flex-wrap-mobile:wrap;}.elementor-1913 .elementor-element.elementor-element-e59f1c3 .elementor-heading-title{color:var( --e-global-color-accent );}.elementor-1913 .elementor-element.elementor-element-f51b920{color:var( --e-global-color-accent );}.elementor-1913 .elementor-element.elementor-element-a5f5697{--display:flex;--flex-direction:column;--container-widget-width:100%;--container-widget-height:initial;--container-widget-flex-grow:0;--container-widget-align-self:initial;--flex-wrap-mobile:wrap;--margin-top:50px;--margin-bottom:0px;--margin-left:0px;--margin-right:0px;}.elementor-1913 .elementor-element.elementor-element-c958435{--display:grid;--e-con-grid-template-columns:repeat(2, 1fr);--e-con-grid-template-rows:repeat(1, 1fr);--grid-auto-flow:row;}.elementor-1913 .elementor-element.elementor-element-5e505cf{--display:flex;}.elementor-1913 .elementor-element.elementor-element-5a336cc{--display:flex;}.elementor-1913 .elementor-element.elementor-element-4c37be8{columns:2;}.elementor-1913 .elementor-element.elementor-element-80c661d{columns:2;}.elementor-1913 .elementor-element.elementor-element-561f978 > .elementor-widget-container{margin:26px 0px 0px 0px;}@media(min-width:768px){.elementor-1913 .elementor-element.elementor-element-308380d{--width:50%;}}@media(max-width:1024px){.elementor-1913 .elementor-element.elementor-element-144ef1e{--padding-top:150px;--padding-bottom:50px;--padding-left:25px;--padding-right:25px;}.elementor-1913 .elementor-element.elementor-element-0eb107d{--padding-top:0px;--padding-bottom:0px;--padding-left:25px;--padding-right:25px;}.elementor-1913 .elementor-element.elementor-element-e67ca0f{--grid-auto-flow:row;}.elementor-1913 .elementor-element.elementor-element-5d570ff .elementor-heading-title{font-size:var( --e-global-typography-accent-font-size );line-height:var( --e-global-typography-accent-line-height );}.elementor-1913 .elementor-element.elementor-element-e0f87ef{--padding-top:25px;--padding-bottom:25px;--padding-left:25px;--padding-right:25px;}.elementor-1913 .elementor-element.elementor-element-c958435{--grid-auto-flow:row;}}@media(max-width:767px){.elementor-1913 .elementor-element.elementor-element-e67ca0f{--e-con-grid-template-columns:repeat(1, 1fr);--grid-auto-flow:row;}.elementor-1913 .elementor-element.elementor-element-5d570ff .elementor-heading-title{font-size:var( --e-global-typography-accent-font-size );line-height:var( --e-global-typography-accent-line-height );}.elementor-1913 .elementor-element.elementor-element-c958435{--e-con-grid-template-columns:repeat(1, 1fr);--grid-auto-flow:row;}.elementor-1913 .elementor-element.elementor-element-4c37be8{columns:1;}.elementor-1913 .elementor-element.elementor-element-80c661d{columns:1;}}<\/style>\t\t<div data-elementor-type=\"wp-page\" data-elementor-id=\"1913\" class=\"elementor elementor-1913\" data-elementor-post-type=\"page\">\n\t\t\t\t<div class=\"elementor-element elementor-element-144ef1e e-flex e-con-boxed e-con e-parent\" data-id=\"144ef1e\" data-element_type=\"container\" data-e-type=\"container\" data-settings=\"{&quot;background_background&quot;:&quot;classic&quot;}\">\n\t\t\t\t\t<div class=\"e-con-inner\">\n\t\t\t\t<div class=\"elementor-element elementor-element-f35b8a1 elementor-widget elementor-widget-heading\" data-id=\"f35b8a1\" data-element_type=\"widget\" data-e-type=\"widget\" data-widget_type=\"heading.default\">\n\t\t\t\t<div class=\"elementor-widget-container\">\n\t\t\t\t\t<h1 class=\"elementor-heading-title elementor-size-default\">Preise<\/h1>\t\t\t\t<\/div>\n\t\t\t\t<\/div>\n\t\t\t\t\t<\/div>\n\t\t\t\t<\/div>\n\t\t<div class=\"elementor-element elementor-element-0eb107d e-flex e-con-boxed e-con e-parent\" data-id=\"0eb107d\" data-element_type=\"container\" data-e-type=\"container\">\n\t\t\t\t\t<div class=\"e-con-inner\">\n\t\t\t\t<div class=\"elementor-element elementor-element-d724756 elementor-widget elementor-widget-heading\" data-id=\"d724756\" data-element_type=\"widget\" data-e-type=\"widget\" data-widget_type=\"heading.default\">\n\t\t\t\t<div class=\"elementor-widget-container\">\n\t\t\t\t\t<h2 class=\"elementor-heading-title elementor-size-default\">15% korting op uw verblijf in 2026!\n<\/h2>\t\t\t\t<\/div>\n\t\t\t\t<\/div>\n\t\t\t\t<div class=\"elementor-element elementor-element-6fb83ee elementor-widget elementor-widget-text-editor\" data-id=\"6fb83ee\" data-element_type=\"widget\" data-e-type=\"widget\" data-widget_type=\"text-editor.default\">\n\t\t\t\t<div class=\"elementor-widget-container\">\n\t\t\t\t\t\t\t\t\t<p>Omdat we zo veel leuke en mooie reactie van onze gasten krijgen en we graag tegemoet willen komen in de nieuwe 12% btw (vanaf 1 januari 2026) geven wij 15% korting op de huurprijs. Zo heeft ook u een fantastische vakantie in Durbuy!<\/p>\t\t\t\t\t\t\t\t<\/div>\n\t\t\t\t<\/div>\n\t\t\t\t<div class=\"elementor-element elementor-element-4b2f802 elementor-widget elementor-widget-heading\" data-id=\"4b2f802\" data-element_type=\"widget\" data-e-type=\"widget\" data-widget_type=\"heading.default\">\n\t\t\t\t<div class=\"elementor-widget-container\">\n\t\t\t\t\t<h2 class=\"elementor-heading-title elementor-size-default\">Last-Minute deals<\/h2>\t\t\t\t<\/div>\n\t\t\t\t<\/div>\n\t\t<div class=\"elementor-element elementor-element-e67ca0f e-grid e-con-full e-con e-child\" data-id=\"e67ca0f\" data-element_type=\"container\" data-e-type=\"container\">\n\t\t\t\t<div class=\"elementor-element elementor-element-9b92651 elementor-widget elementor-widget-text-editor\" data-id=\"9b92651\" data-element_type=\"widget\" data-e-type=\"widget\" data-widget_type=\"text-editor.default\">\n\t\t\t\t<div class=\"elementor-widget-container\">\n\t\t\t\t\t\t\t\t\t<p>vergunning: CGT 1680397-000970<\/p><p>De lente hangt in de lucht, de dagen worden langer en Pasen staat voor de deur\u2026 h\u00e9t perfecte moment om jezelf een welverdiende pauze te gunnen! Laat de dagelijkse drukte achter je en ontdek hoe heerlijk het is om te ontspannen in onze vakantiewoning, omringd door rust, natuur en comfort.<\/p><p>Speciaal voor Pasen hebben we <strong>aantrekkelijke acties<\/strong> voor jullie klaarstaan:<\/p><p>\u2013 ma 6 april \u2013 vr 10 april: boek nu met <strong>60%<\/strong> korting! \u2014&gt; nu <strong>484<\/strong>,- in plaats van 1210,-<\/p><p>\u2013 vr 17 april \u2013 ma 20 april: boek nu met <strong>60%<\/strong> korting! \u2014&gt; nu <strong>516<\/strong>,- in plaats van 1290,-<\/p><p>\u2013 ma 20 april \u2013 vr 24 april: boek nu met <strong>48%<\/strong> korting! \u2014&gt; nu <strong>445<\/strong>,- in plaats van 855,-<\/p><p>\u2013 vr 17 april \u2013 vr 24 april: boek nu met <strong>35%<\/strong> korting! \u2014&gt; nu <strong>829<\/strong>,- in plaats van 1275,-<\/p><p>\u2013 ma 18 mei \u2013 vr 22 mei: boek nu met <strong>36,5%<\/strong> korting! \u2014&gt; nu <strong>625<\/strong>,- in plaats van 985,-<\/p><p>\u2013 ma 1 juni \u2013 vr 5 juni: boek nu met <strong>36,5%<\/strong> korting! \u2014&gt; nu <strong>625<\/strong>,- in plaats van 985,-<\/p><p>Boek hier: https:\/\/villa-huren-durbuy.be\/woning\/au-golf\/<\/p><p>Of je nu op zoek bent naar een romantisch weekendje weg, quality time met het gezin of gewoon even wil opladen \u2013 dit is jouw kans om te genieten tegen een <strong>extra voordelige prijs<\/strong>!<\/p><p>Gun jezelf die frisse lentestart\u2026 jouw ideale paasuitje begint hier! Veel plezier!<\/p>\t\t\t\t\t\t\t\t<\/div>\n\t\t\t\t<\/div>\n\t\t<div class=\"elementor-element elementor-element-eba0f7c e-con-full e-flex e-con e-child\" data-id=\"eba0f7c\" data-element_type=\"container\" data-e-type=\"container\">\n\t\t\t\t<div class=\"elementor-element elementor-element-adcb578 elementor-widget elementor-widget-heading\" data-id=\"adcb578\" data-element_type=\"widget\" data-e-type=\"widget\" data-widget_type=\"heading.default\">\n\t\t\t\t<div class=\"elementor-widget-container\">\n\t\t\t\t\t<h3 class=\"elementor-heading-title elementor-size-default\">au Golf\n<\/h3>\t\t\t\t<\/div>\n\t\t\t\t<\/div>\n\t\t\t\t<\/div>\n\t\t\t\t<\/div>\n\t\t\t\t<div class=\"elementor-element elementor-element-ecd46a3 elementor-widget elementor-widget-heading\" data-id=\"ecd46a3\" data-element_type=\"widget\" data-e-type=\"widget\" data-widget_type=\"heading.default\">\n\t\t\t\t<div class=\"elementor-widget-container\">\n\t\t\t\t\t<h2 class=\"elementor-heading-title elementor-size-default\">Huurpijzen<\/h2>\t\t\t\t<\/div>\n\t\t\t\t<\/div>\n\t\t\t\t<div class=\"elementor-element elementor-element-5d570ff elementor-widget elementor-widget-heading\" data-id=\"5d570ff\" data-element_type=\"widget\" data-e-type=\"widget\" data-widget_type=\"heading.default\">\n\t\t\t\t<div class=\"elementor-widget-container\">\n\t\t\t\t\t<p class=\"elementor-heading-title elementor-size-default\">Uw verblijf Aan de Golf in durbuy is de kroon op de vakantie!<\/p>\t\t\t\t<\/div>\n\t\t\t\t<\/div>\n\t\t\t\t<div class=\"elementor-element elementor-element-50c3f40 elementor-widget elementor-widget-text-editor\" data-id=\"50c3f40\" data-element_type=\"widget\" data-e-type=\"widget\" data-widget_type=\"text-editor.default\">\n\t\t\t\t<div class=\"elementor-widget-container\">\n\t\t\t\t\t\t\t\t\t<p>Kijk in de kalender naar de beschikbare periode van het\u00a0 vakantiehuis en boek direct uw verblijf via het reserveringsformulier.<br \/>Onderstaande huurprijzen zijn inclusief de 15% korting en inclusief verbruik elektra, water, hout, pelletkorrels, wifi, 12% btw en nog veel meer. Actie is geldig tot 31-12-2026.<\/p>\t\t\t\t\t\t\t\t<\/div>\n\t\t\t\t<\/div>\n\t\t\t\t<div class=\"elementor-element elementor-element-781e72c elementor-widget elementor-widget-text-editor\" data-id=\"781e72c\" data-element_type=\"widget\" data-e-type=\"widget\" data-widget_type=\"text-editor.default\">\n\t\t\t\t<div class=\"elementor-widget-container\">\n\t\t\t\t\t\t\t\t\t<p>* Wochenende von Freitag 16:00 Uhr bis Sonntag 23:59 Uhr oder Montag 10:00 Uhr<br \/>* Unter der Woche von Montag 16:00 Uhr bis Freitag 10:00 Uhr<br \/>* Week van maandag 16:00 uur tot zondag 23:59 uur of maandag 10:00 uur \/ vrijdag 16:00 uur tot vrijdag 10:00 uur<\/p><p>Hoogseizoen = Schoolvakanties en feestdagen in Belgi\u00eb + Nederland. Zie onderaan op deze pagina een overzicht van deze periodes.<\/p>\t\t\t\t\t\t\t\t<\/div>\n\t\t\t\t<\/div>\n\t\t\t\t\t<\/div>\n\t\t\t\t<\/div>\n\t\t<div class=\"elementor-element elementor-element-e0f87ef e-flex e-con-boxed e-con e-parent\" data-id=\"e0f87ef\" data-element_type=\"container\" data-e-type=\"container\" data-settings=\"{&quot;background_background&quot;:&quot;classic&quot;}\">\n\t\t\t\t\t<div class=\"e-con-inner\">\n\t\t<div class=\"elementor-element elementor-element-308380d e-con-full e-flex e-con e-child\" data-id=\"308380d\" data-element_type=\"container\" data-e-type=\"container\">\n\t\t\t\t<div class=\"elementor-element elementor-element-e59f1c3 elementor-widget elementor-widget-heading\" data-id=\"e59f1c3\" data-element_type=\"widget\" data-e-type=\"widget\" data-widget_type=\"heading.default\">\n\t\t\t\t<div class=\"elementor-widget-container\">\n\t\t\t\t\t<h3 class=\"elementor-heading-title elementor-size-default\">Ferienhaus Au Golf:<\/h3>\t\t\t\t<\/div>\n\t\t\t\t<\/div>\n\t\t\t\t<div class=\"elementor-element elementor-element-f51b920 elementor-widget elementor-widget-text-editor\" data-id=\"f51b920\" data-element_type=\"widget\" data-e-type=\"widget\" data-widget_type=\"text-editor.default\">\n\t\t\t\t<div class=\"elementor-widget-container\">\n\t\t\t\t\t\t\t\t\t<p>vergunning: CGT 1680397-000970<\/p><p>capaciteit: 2 &#8211; 9 personen<\/p><p><strong>Laagseizoen 2026:<\/strong><\/p><p>* Weekend van 985,- nu <strong>835<\/strong>,-<br \/>* Midweek van 855,- nu <strong>725<\/strong>,-<br \/>* Week van 1.275,- nu <strong>995<\/strong>,-<\/p><p><strong>Hoogseizoen 2026:<\/strong><\/p><p>* Weekend van 1.290,- nu <strong>1.095<\/strong>,-<br \/>* Midweek van 1.210,- nu <strong>1.025<\/strong>,-<br \/>* Week van 1.560,- nu <strong>1.325<\/strong>,-<\/p><p><strong>Speciale dagen 2026 \/ 2027:<\/strong><\/p><p>* Kerstmis 7 nachten van 2.500,- nu <strong>2.175<\/strong>,-<br \/>* Oud &amp; nieuw 7 nachten van 2.500,- nu <strong>2.175<\/strong>,-<br \/>* Pasen 7 nachten van 2.000,- nu <strong>1.700,-<\/strong><br \/>* Hemelvaart \/ Pinksteren 4 nachten van 1.600,- nu <strong>1.360<\/strong>,-<\/p>\t\t\t\t\t\t\t\t<\/div>\n\t\t\t\t<\/div>\n\t\t\t\t<\/div>\n\t\t\t\t\t<\/div>\n\t\t\t\t<\/div>\n\t\t<div class=\"elementor-element elementor-element-a5f5697 e-flex e-con-boxed e-con e-parent\" data-id=\"a5f5697\" data-element_type=\"container\" data-e-type=\"container\">\n\t\t\t\t\t<div class=\"e-con-inner\">\n\t\t\t\t<div class=\"elementor-element elementor-element-974f0db elementor-widget elementor-widget-heading\" data-id=\"974f0db\" data-element_type=\"widget\" data-e-type=\"widget\" data-widget_type=\"heading.default\">\n\t\t\t\t<div class=\"elementor-widget-container\">\n\t\t\t\t\t<h3 class=\"elementor-heading-title elementor-size-default\">ALLE PREISEN SIND INKLUSIVE VERBRAUCH UND MWST:<\/h3>\t\t\t\t<\/div>\n\t\t\t\t<\/div>\n\t\t\t\t<div class=\"elementor-element elementor-element-7f72a6c elementor-widget elementor-widget-text-editor\" data-id=\"7f72a6c\" data-element_type=\"widget\" data-e-type=\"widget\" data-widget_type=\"text-editor.default\">\n\t\t\t\t<div class=\"elementor-widget-container\">\n\t\t\t\t\t\t\t\t\t<p>Bij ons zijn het verbruik van water, elektra, pelletkorrels (voor de sfeervolle kachel in de woonkamer &#8211; gehele huis heeft vloerverwarming i.c.m. warmtepomp), hout (voor de hottub en Ofyr-bbq), gas (voor de gas-bbq) en wifi inbegrepen, ontvangt u een mooi welkomspakket en is 12% btw inclusief bij de aangegeven prijzen.<\/p>\t\t\t\t\t\t\t\t<\/div>\n\t\t\t\t<\/div>\n\t\t\t\t<div class=\"elementor-element elementor-element-1a3cec7 elementor-widget elementor-widget-heading\" data-id=\"1a3cec7\" data-element_type=\"widget\" data-e-type=\"widget\" data-widget_type=\"heading.default\">\n\t\t\t\t<div class=\"elementor-widget-container\">\n\t\t\t\t\t<h3 class=\"elementor-heading-title elementor-size-default\">WEITERE INFORMATIONEN &amp; PREISE:<\/h3>\t\t\t\t<\/div>\n\t\t\t\t<\/div>\n\t\t<div class=\"elementor-element elementor-element-c958435 e-grid e-con-full e-con e-child\" data-id=\"c958435\" data-element_type=\"container\" data-e-type=\"container\">\n\t\t<div class=\"elementor-element elementor-element-5e505cf e-con-full e-flex e-con e-child\" data-id=\"5e505cf\" data-element_type=\"container\" data-e-type=\"container\">\n\t\t\t\t<div class=\"elementor-element elementor-element-4626992 elementor-widget elementor-widget-heading\" data-id=\"4626992\" data-element_type=\"widget\" data-e-type=\"widget\" data-widget_type=\"heading.default\">\n\t\t\t\t<div class=\"elementor-widget-container\">\n\t\t\t\t\t<h4 class=\"elementor-heading-title elementor-size-default\">Inklusive:<\/h4>\t\t\t\t<\/div>\n\t\t\t\t<\/div>\n\t\t\t\t<div class=\"elementor-element elementor-element-4d6a70d elementor-widget elementor-widget-text-editor\" data-id=\"4d6a70d\" data-element_type=\"widget\" data-e-type=\"widget\" data-widget_type=\"text-editor.default\">\n\t\t\t\t<div class=\"elementor-widget-container\">\n\t\t\t\t\t\t\t\t\t<ul><li>Willkommens Sekt<\/li><li>Erster Kaffee, Tee, N\u00fcsse und weitere Willkommens-\u00dcberraschungen<\/li><li>Netflix<\/li><li>WLAN<\/li><li>Sp\u00fclb\u00fcrste und Sp\u00fclmittel<\/li><li>Benutzen Waschmaschine und Trockner<\/li><li>Babybett und Kinderstuhl<\/li><li>Der Verbrauch von Strom, Wasser, Pellets, Holz und WLAN ist inbegriffen<\/li><li>M\u00f6glichkeit zum Aufladen von Elektroautos<\/li><li>Und andere Aufmerksamkeiten f\u00fcr einen wunderbaren Aufenthalt<\/li><\/ul>\t\t\t\t\t\t\t\t<\/div>\n\t\t\t\t<\/div>\n\t\t\t\t<\/div>\n\t\t<div class=\"elementor-element elementor-element-5a336cc e-con-full e-flex e-con e-child\" data-id=\"5a336cc\" data-element_type=\"container\" data-e-type=\"container\">\n\t\t\t\t<div class=\"elementor-element elementor-element-450618d elementor-widget elementor-widget-heading\" data-id=\"450618d\" data-element_type=\"widget\" data-e-type=\"widget\" data-widget_type=\"heading.default\">\n\t\t\t\t<div class=\"elementor-widget-container\">\n\t\t\t\t\t<h4 class=\"elementor-heading-title elementor-size-default\">Extrakosten:<\/h4>\t\t\t\t<\/div>\n\t\t\t\t<\/div>\n\t\t\t\t<div class=\"elementor-element elementor-element-e837fde elementor-widget elementor-widget-text-editor\" data-id=\"e837fde\" data-element_type=\"widget\" data-e-type=\"widget\" data-widget_type=\"text-editor.default\">\n\t\t\t\t<div class=\"elementor-widget-container\">\n\t\t\t\t\t\t\t\t\t<ul><li>Toeristen belasting \u20ac 2,5 p.p.p.n. (verplicht)<\/li><li>Kaution von 300,- \u20ac (obligatorisch)<\/li><li>Endreinigung 100,- \u20ac (obligatorisch)<\/li><li>Per extra persoon vanaf 6e (6e, 7e, \u2026) \u20ac 20,- (optioneel)<\/li><li>Aufladen von Elektroautos \u20ac 12,- p.P.p.T (optional)<\/li><li>Haustier 20,- \u20ac pro Tier (optional)<\/li><li>Bettw\u00e4sche + Handt\u00fccher + K\u00fcchenw\u00e4sche \u20ac 100,- pro Aufenthalt (optional)<\/li><\/ul>\t\t\t\t\t\t\t\t<\/div>\n\t\t\t\t<\/div>\n\t\t\t\t<\/div>\n\t\t\t\t<\/div>\n\t\t\t\t<div class=\"elementor-element elementor-element-ef60248 elementor-widget elementor-widget-heading\" data-id=\"ef60248\" data-element_type=\"widget\" data-e-type=\"widget\" data-widget_type=\"heading.default\">\n\t\t\t\t<div class=\"elementor-widget-container\">\n\t\t\t\t\t<h3 class=\"elementor-heading-title elementor-size-default\">\u00dcbersicht Hochsaison 2026<\/h3>\t\t\t\t<\/div>\n\t\t\t\t<\/div>\n\t\t\t\t<div class=\"elementor-element elementor-element-4c37be8 elementor-widget elementor-widget-text-editor\" data-id=\"4c37be8\" data-element_type=\"widget\" data-e-type=\"widget\" data-widget_type=\"text-editor.default\">\n\t\t\t\t<div class=\"elementor-widget-container\">\n\t\t\t\t\t\t\t\t\t<ul><li>Weihnachten: Freitag 19. Dez bis Sonntag 4. Jan<\/li><li>Fr\u00fchlingsferien: Freitag 13. Feb bis Sonntag 1. Mrz<\/li><li>Osterferien: Freitag 3. Apr bis Sonntag 19. Apr<\/li><li>Mei-vakantie: vrijdag 17 apr t\/m zondag 3 mei<\/li><li>Himmelfahrtferien: Freitag, 8. Mai bis Sonntag, 17. Mai<\/li><li>Pfingstferien: Freitag, 22. Mai bis Sonntag, 31 Mai<\/li><li>Zomer-vakantie: vrijdag 3 juli t\/m zondag 30 aug<\/li><li>Herbstferien: Freitag, 9. Okt bis Sonntag, 8. Nov<\/li><li>Weihnachten: Freitag 18. Dez bis Sonntag 3. Jan<\/li><\/ul>\t\t\t\t\t\t\t\t<\/div>\n\t\t\t\t<\/div>\n\t\t\t\t<div class=\"elementor-element elementor-element-7e8ecbe elementor-widget elementor-widget-heading\" data-id=\"7e8ecbe\" data-element_type=\"widget\" data-e-type=\"widget\" data-widget_type=\"heading.default\">\n\t\t\t\t<div class=\"elementor-widget-container\">\n\t\t\t\t\t<h3 class=\"elementor-heading-title elementor-size-default\">Overzicht hoogseizoen 2027<\/h3>\t\t\t\t<\/div>\n\t\t\t\t<\/div>\n\t\t\t\t<div class=\"elementor-element elementor-element-80c661d elementor-widget elementor-widget-text-editor\" data-id=\"80c661d\" data-element_type=\"widget\" data-e-type=\"widget\" data-widget_type=\"text-editor.default\">\n\t\t\t\t<div class=\"elementor-widget-container\">\n\t\t\t\t\t\t\t\t\t<ul><li>Weihnachten: Freitag 18. Dez bis Sonntag 3. Jan<\/li><li>Krokus-vakantie: vrijdag 5 febr t\/m zondag 28 febr<\/li><li>Paas-vakantie: vrijdag 29 mrt t\/m zondag 11 apr<\/li><li>Mei-vakantie: vrijdag 23 apr t\/m zondag 9 mei<\/li><li>Hemelvaart-vakantie: vrijdag 30 apr t\/m zondag 9 mei<\/li><li>Pinkster-vakantie: vrijdag 12 mei t\/m zondag 23 mei<\/li><li>Zomer-vakantie: vrijdag 2 juli t\/m zondag 5 sep<\/li><li>Herfst-vakantie: vrijdag 16 okt t\/m zondag 7 nov<\/li><li>Kerst-vakantie: vrijdag 24 dec t\/m zondag 9 jan<\/li><\/ul>\t\t\t\t\t\t\t\t<\/div>\n\t\t\t\t<\/div>\n\t\t\t\t<div class=\"elementor-element elementor-element-c46e1c9 elementor-widget elementor-widget-heading\" data-id=\"c46e1c9\" data-element_type=\"widget\" data-e-type=\"widget\" data-widget_type=\"heading.default\">\n\t\t\t\t<div class=\"elementor-widget-container\">\n\t\t\t\t\t<h3 class=\"elementor-heading-title elementor-size-default\">An-und Abfahrt:<\/h3>\t\t\t\t<\/div>\n\t\t\t\t<\/div>\n\t\t\t\t<div class=\"elementor-element elementor-element-f78a833 elementor-widget elementor-widget-text-editor\" data-id=\"f78a833\" data-element_type=\"widget\" data-e-type=\"widget\" data-widget_type=\"text-editor.default\">\n\t\t\t\t<div class=\"elementor-widget-container\">\n\t\t\t\t\t\t\t\t\t<p>Check-in: ab 16:00 Uhr<br \/>Check-out : zondag om 23:59 uur, andere dagen om 10:00 uur<br \/>abweichende Zeiten in Absprache<\/p><p>Check-in is niet of beperkt mogelijk op de volgende Belgische feestdagen:<br \/><strong>(check-in op deze dagen op aanvraag)<\/strong><\/p><ul><li>Nieuwjaar (do 1 jan 2026)<\/li><li>Paasmaandag (ma 6 apr 2026)<\/li><li>Dag v.d. Arbeid (vr 1 mei 2026)<\/li><li>Hemelvaart (do 14 mei 2026)<\/li><li>Pinkstermaandag (ma 25 mei 2026)<\/li><li>Nationale feestdag ( di 21 jul 2026)<\/li><li>O.L.V.Hemelvaart (za 15 aug 2026)<\/li><li>Allerheiligen ( zo 1 nov 2026)<\/li><li>Wapenstilstand (wo 11 nov 2026)<\/li><li>Kerstmis ( do 24 dec 2026)<\/li><li>1e Kerstdag (vr 25 nov 2026)<\/li><li>Oudjaar (wo 31 dec 2026)<\/li><\/ul>\t\t\t\t\t\t\t\t<\/div>\n\t\t\t\t<\/div>\n\t\t\t\t<div class=\"elementor-element elementor-element-561f978 elementor-widget elementor-widget-heading\" data-id=\"561f978\" data-element_type=\"widget\" data-e-type=\"widget\" data-widget_type=\"heading.default\">\n\t\t\t\t<div class=\"elementor-widget-container\">\n\t\t\t\t\t<h2 class=\"elementor-heading-title elementor-size-default\">.<\/h2>\t\t\t\t<\/div>\n\t\t\t\t<\/div>\n\t\t\t\t<div class=\"elementor-element elementor-element-d96e3d8 elementor-widget elementor-widget-text-editor\" data-id=\"d96e3d8\" data-element_type=\"widget\" data-e-type=\"widget\" data-widget_type=\"text-editor.default\">\n\t\t\t\t<div class=\"elementor-widget-container\">\n\t\t\t\t\t\t\t\t\t<p>.<\/p>\t\t\t\t\t\t\t\t<\/div>\n\t\t\t\t<\/div>\n\t\t\t\t\t<\/div>\n\t\t\t\t<\/div>\n\t\t\t\t<\/div>","protected":false},"excerpt":{"rendered":"<p>Prijzen 15% korting op uw verblijf in 2026! Omdat we zo veel leuke en mooie reactie van onze gasten krijgen en we graag tegemoet willen komen in de nieuwe 12% btw (vanaf 1 januari 2026) geven wij 15% korting op de huurprijs. Zo heeft ook u een fantastische vakantie in Durbuy! Last-Minute deals vergunning: CGT [&hellip;]<\/p>\n","protected":false},"author":2,"featured_media":0,"parent":0,"menu_order":0,"comment_status":"closed","ping_status":"closed","template":"","meta":{"footnotes":""},"class_list":["post-1913","page","type-page","status-publish","hentry"],"_links":{"self":[{"href":"https:\/\/villa-huren-durbuy.be\/de\/wp-json\/wp\/v2\/pages\/1913","targetHints":{"allow":["GET"]}}],"collection":[{"href":"https:\/\/villa-huren-durbuy.be\/de\/wp-json\/wp\/v2\/pages"}],"about":[{"href":"https:\/\/villa-huren-durbuy.be\/de\/wp-json\/wp\/v2\/types\/page"}],"author":[{"embeddable":true,"href":"https:\/\/villa-huren-durbuy.be\/de\/wp-json\/wp\/v2\/users\/2"}],"replies":[{"embeddable":true,"href":"https:\/\/villa-huren-durbuy.be\/de\/wp-json\/wp\/v2\/comments?post=1913"}],"version-history":[{"count":871,"href":"https:\/\/villa-huren-durbuy.be\/de\/wp-json\/wp\/v2\/pages\/1913\/revisions"}],"predecessor-version":[{"id":3727,"href":"https:\/\/villa-huren-durbuy.be\/de\/wp-json\/wp\/v2\/pages\/1913\/revisions\/3727"}],"wp:attachment":[{"href":"https:\/\/villa-huren-durbuy.be\/de\/wp-json\/wp\/v2\/media?parent=1913"}],"curies":[{"name":"wp","href":"https:\/\/api.w.org\/{rel}","templated":true}]}}